{"id":870,"date":"2025-02-14T18:37:34","date_gmt":"2025-02-14T17:37:34","guid":{"rendered":"https:\/\/unita-angola.co.ao\/terrangolana\/?page_id=870"},"modified":"2025-02-14T18:37:52","modified_gmt":"2025-02-14T17:37:52","slug":"interclub-vence-luanda-city-por-3-0","status":"publish","type":"page","link":"https:\/\/unita-angola.co.ao\/terrangolana\/interclub-vence-luanda-city-por-3-0\/","title":{"rendered":"Interclub vence Luanda City por 3-0"},"content":{"rendered":"<p>O treinador do Interclub, Mateus Agostinho (Budunha), afirmou esta quinta-feira, 13 de Fevereiro de 2025, que ante o Luanda City, por 3-0, \u00e9 resultado do trabalho consistente que tem sido feito ao longo da \u00e9poca.<\/p>\n<p>De acordo com Mateus Agostinho, que falava quinta-feira (13), \u00e0 imprensa, ap\u00f3s o desafio de acerto da 15\u00aa jornada do Campeonato Nacional de Futebol (Girabola2024-2025), disputado no Est\u00e1dio 22 de Junho, disse que a sua equipa tem sido \u201cv\u00edtima\u201d de pouca sorte.<\/p>\n<p>\u201cTemos sidos v\u00edtimas dos maus resultados, apesar do empenho do colectivos,mas a exibi\u00e7\u00e3o e \u00e0 v\u00edct\u00f3ria de hoje mostrou a superioridade do plantel\u201d, frisou.<\/p>\n<p>Por sua vez, o treinador do Luanda City, Ru\u00ed Ortet, referiu que os golos sofridos foram consequ\u00eancias de falhas individuais, que procurar\u00e3o corrigir nos pr\u00f3ximos dias.<\/p>\n<p>Indicou que, fora desaire de hoje (13), a equipa bateu-se bem ante a um advers\u00e1rio experiente, demonstrando boa postura f\u00edsica fundamentalmente na parte final do desafio.<\/p>\n<p>Com este triunfo, o Interclub \u00e9 o 6\u00ba colocado na classifica\u00e7\u00e3o, e obtendo 20 pontos, ao passo que o Luanda City \u00e9 o 15\u00ba, e com 11 pontos.<\/p>\n<p>Categoria do Desporto<\/p>\n<p><img data-recalc-dims=\"1\" fetchpriority=\"high\" decoding=\"async\" class=\"alignnone size-medium wp-image-872\" src=\"https:\/\/i0.wp.com\/unita-angola.co.ao\/terrangolana\/wp-content\/uploads\/2025\/02\/Interclub-de-Angola-foto-1-14-02-2025.jpg?resize=300%2C202&#038;ssl=1\" alt=\"\" width=\"300\" height=\"202\" srcset=\"https:\/\/i0.wp.com\/unita-angola.co.ao\/terrangolana\/wp-content\/uploads\/2025\/02\/Interclub-de-Angola-foto-1-14-02-2025.jpg?resize=300%2C202&amp;ssl=1 300w, https:\/\/i0.wp.com\/unita-angola.co.ao\/terrangolana\/wp-content\/uploads\/2025\/02\/Interclub-de-Angola-foto-1-14-02-2025.jpg?w=512&amp;ssl=1 512w\" sizes=\"(max-width: 300px) 100vw, 300px\" \/><\/p>\n","protected":false},"excerpt":{"rendered":"<p>O treinador do Interclub, Mateus Agostinho (Budunha), afirmou esta quinta-feira, 13 de Fevereiro de 2025, que ante o Luanda City, por 3-0, \u00e9 resultado do trabalho consistente que tem sido feito ao longo da \u00e9poca. De acordo com Mateus Agostinho, que falava quinta-feira (13), \u00e0 imprensa, ap\u00f3s o desafio de acerto da 15\u00aa jornada do [&hellip;]<\/p>\n","protected":false},"author":2,"featured_media":871,"parent":0,"menu_order":0,"comment_status":"closed","ping_status":"closed","template":"","meta":{"nf_dc_page":"","om_disable_all_campaigns":false,"pagelayer_contact_templates":[],"_pagelayer_content":"","footnotes":""},"class_list":["post-870","page","type-page","status-publish","has-post-thumbnail","hentry"],"blog_post_layout_featured_media_urls":{"thumbnail":["https:\/\/i0.wp.com\/unita-angola.co.ao\/terrangolana\/wp-content\/uploads\/2025\/02\/Interclub-de-Angola-foto-3-14-02-2025-Bodunha.jpg?resize=150%2C150&ssl=1",150,150,true],"full":["https:\/\/i0.wp.com\/unita-angola.co.ao\/terrangolana\/wp-content\/uploads\/2025\/02\/Interclub-de-Angola-foto-3-14-02-2025-Bodunha.jpg?fit=389%2C260&ssl=1",389,260,false]},"categories_names":null,"comments_number":"0","wpmagazine_modules_lite_featured_media_urls":{"thumbnail":["https:\/\/i0.wp.com\/unita-angola.co.ao\/terrangolana\/wp-content\/uploads\/2025\/02\/Interclub-de-Angola-foto-3-14-02-2025-Bodunha.jpg?resize=150%2C150&ssl=1",150,150,true],"cvmm-medium":["https:\/\/i0.wp.com\/unita-angola.co.ao\/terrangolana\/wp-content\/uploads\/2025\/02\/Interclub-de-Angola-foto-3-14-02-2025-Bodunha.jpg?resize=300%2C260&ssl=1",300,260,true],"cvmm-medium-plus":["https:\/\/i0.wp.com\/unita-angola.co.ao\/terrangolana\/wp-content\/uploads\/2025\/02\/Interclub-de-Angola-foto-3-14-02-2025-Bodunha.jpg?resize=305%2C207&ssl=1",305,207,true],"cvmm-portrait":["https:\/\/i0.wp.com\/unita-angola.co.ao\/terrangolana\/wp-content\/uploads\/2025\/02\/Interclub-de-Angola-foto-3-14-02-2025-Bodunha.jpg?resize=389%2C260&ssl=1",389,260,true],"cvmm-medium-square":["https:\/\/i0.wp.com\/unita-angola.co.ao\/terrangolana\/wp-content\/uploads\/2025\/02\/Interclub-de-Angola-foto-3-14-02-2025-Bodunha.jpg?resize=389%2C260&ssl=1",389,260,true],"cvmm-large":["https:\/\/i0.wp.com\/unita-angola.co.ao\/terrangolana\/wp-content\/uploads\/2025\/02\/Interclub-de-Angola-foto-3-14-02-2025-Bodunha.jpg?resize=389%2C260&ssl=1",389,260,true],"cvmm-small":["https:\/\/i0.wp.com\/unita-angola.co.ao\/terrangolana\/wp-content\/uploads\/2025\/02\/Interclub-de-Angola-foto-3-14-02-2025-Bodunha.jpg?resize=130%2C95&ssl=1",130,95,true],"full":["https:\/\/i0.wp.com\/unita-angola.co.ao\/terrangolana\/wp-content\/uploads\/2025\/02\/Interclub-de-Angola-foto-3-14-02-2025-Bodunha.jpg?fit=389%2C260&ssl=1",389,260,false]},"jetpack_sharing_enabled":true,"_links":{"self":[{"href":"https:\/\/unita-angola.co.ao\/terrangolana\/wp-json\/wp\/v2\/pages\/870","targetHints":{"allow":["GET"]}}],"collection":[{"href":"https:\/\/unita-angola.co.ao\/terrangolana\/wp-json\/wp\/v2\/pages"}],"about":[{"href":"https:\/\/unita-angola.co.ao\/terrangolana\/wp-json\/wp\/v2\/types\/page"}],"author":[{"embeddable":true,"href":"https:\/\/unita-angola.co.ao\/terrangolana\/wp-json\/wp\/v2\/users\/2"}],"replies":[{"embeddable":true,"href":"https:\/\/unita-angola.co.ao\/terrangolana\/wp-json\/wp\/v2\/comments?post=870"}],"version-history":[{"count":1,"href":"https:\/\/unita-angola.co.ao\/terrangolana\/wp-json\/wp\/v2\/pages\/870\/revisions"}],"predecessor-version":[{"id":873,"href":"https:\/\/unita-angola.co.ao\/terrangolana\/wp-json\/wp\/v2\/pages\/870\/revisions\/873"}],"wp:featuredmedia":[{"embeddable":true,"href":"https:\/\/unita-angola.co.ao\/terrangolana\/wp-json\/wp\/v2\/media\/871"}],"wp:attachment":[{"href":"https:\/\/unita-angola.co.ao\/terrangolana\/wp-json\/wp\/v2\/media?parent=870"}],"curies":[{"name":"wp","href":"https:\/\/api.w.org\/{rel}","templated":true}]}}